{"id":133,"date":"2020-04-15T23:19:38","date_gmt":"2020-04-15T23:19:38","guid":{"rendered":"https:\/\/lab.top.bj\/?page_id=133"},"modified":"2024-05-07T15:30:26","modified_gmt":"2024-05-07T15:30:26","slug":"boutiques-services","status":"publish","type":"page","link":"https:\/\/lab.top.bj\/en\/passagers\/boutiques-services\/","title":{"rendered":"Boutiques &#038; Services"},"content":{"rendered":"<div data-elementor-type=\"wp-page\" data-elementor-id=\"133\" class=\"elementor elementor-133\">\n\t\t\t\t\t\t<section class=\"has_ae_slider elementor-section elementor-top-section elementor-element elementor-element-3a64f1aa elementor-section-boxed elementor-section-height-default elementor-section-height-default ae-bg-gallery-type-default\" data-id=\"3a64f1aa\" data-element_type=\"section\" data-e-type=\"section\">\n\t\t\t\t\t\t<div class=\"elementor-container elementor-column-gap-default\">\n\t\t\t\t\t<div class=\"has_ae_slider elementor-column elementor-col-100 elementor-top-column elementor-element elementor-element-29b0d32b ae-bg-gallery-type-default\" data-id=\"29b0d32b\" data-element_type=\"column\" data-e-type=\"column\">\n\t\t\t<div class=\"elementor-widget-wrap elementor-element-populated\">\n\t\t\t\t\t\t<div class=\"elementor-element elementor-element-1a12b984 elementor-widget elementor-widget-text-editor\" data-id=\"1a12b984\" data-element_type=\"widget\" data-e-type=\"widget\" data-widget_type=\"text-editor.default\">\n\t\t\t\t<div class=\"elementor-widget-container\">\n\t\t\t\t\t\t\t\t\t\n<p>Une fois pass\u00e9 les contr\u00f4les de s\u00e9curit\u00e9, d\u00e9tendez-vous et faites-vous plaisir en vivant votre derni\u00e8re exp\u00e9rience de Cotonou dans notre Duty-Free!<\/p>\n<p>Profitez du meilleur de Cotonou en achetant dans les boutiques Duty-Free dans notre salle d&#8217;embarquement.<\/p>\n\n<p>Les points de vente Duty-Free sont ouverts sans interruption de l&rsquo;ouverture \u00e0 la fermeture de la salle embarquement 7\/7.<\/p>\n\t\t\t\t\t\t\t\t<\/div>\n\t\t\t\t<\/div>\n\t\t\t\t\t<\/div>\n\t\t<\/div>\n\t\t\t\t\t<\/div>\n\t\t<\/section>\n\t\t\t\t<\/div>","protected":false},"excerpt":{"rendered":"<p>Une fois pass\u00e9 les contr\u00f4les de s\u00e9curit\u00e9, d\u00e9tendez-vous et faites-vous plaisir en vivant votre derni\u00e8re exp\u00e9rience de Cotonou dans notre Duty-Free! Profitez du meilleur de Cotonou en achetant dans les boutiques Duty-Free dans notre salle d&#8217;embarquement. Les points de vente Duty-Free sont ouverts sans interruption de l&rsquo;ouverture \u00e0 la fermeture de la salle embarquement 7\/7.<\/p>","protected":false},"author":2,"featured_media":0,"parent":38,"menu_order":0,"comment_status":"closed","ping_status":"closed","template":"","meta":{"_acf_changed":false,"footnotes":""},"class_list":["post-133","page","type-page","status-publish","hentry"],"acf":[],"yoast_head":"<!-- This site is optimized with the Yoast SEO plugin v27.0 - https:\/\/yoast.com\/product\/yoast-seo-wordpress\/ -->\n<title>Boutiques &amp; Services - aeroport de cotonou<\/title>\n<meta name=\"robots\" content=\"noindex, follow, max-snippet:-1, max-image-preview:large, max-video-preview:-1\" \/>\n<meta property=\"og:locale\" content=\"en_US\" \/>\n<meta property=\"og:type\" content=\"article\" \/>\n<meta property=\"og:title\" content=\"Boutiques &amp; Services - aeroport de cotonou\" \/>\n<meta property=\"og:description\" content=\"Une fois pass\u00e9 les contr\u00f4les de s\u00e9curit\u00e9, d\u00e9tendez-vous et faites-vous plaisir en vivant votre derni\u00e8re exp\u00e9rience de Cotonou dans notre Duty-Free! Profitez du meilleur de Cotonou en achetant dans les boutiques Duty-Free dans notre salle d&#8217;embarquement. Les points de vente Duty-Free sont ouverts sans interruption de l&rsquo;ouverture \u00e0 la fermeture de la salle embarquement 7\/7.\" \/>\n<meta property=\"og:url\" content=\"https:\/\/lab.top.bj\/en\/passagers\/boutiques-services\/\" \/>\n<meta property=\"og:site_name\" content=\"aeroport de cotonou\" \/>\n<meta property=\"article:modified_time\" content=\"2024-05-07T15:30:26+00:00\" \/>\n<meta name=\"twitter:card\" content=\"summary_large_image\" \/>\n<meta name=\"twitter:label1\" content=\"Est. reading time\" \/>\n\t<meta name=\"twitter:data1\" content=\"1 minute\" \/>\n<!-- \/ Yoast SEO plugin. -->","yoast_head_json":{"title":"Boutiques & Services - aeroport de cotonou","robots":{"index":"noindex","follow":"follow","max-snippet":"max-snippet:-1","max-image-preview":"max-image-preview:large","max-video-preview":"max-video-preview:-1"},"og_locale":"en_US","og_type":"article","og_title":"Boutiques & Services - aeroport de cotonou","og_description":"Une fois pass\u00e9 les contr\u00f4les de s\u00e9curit\u00e9, d\u00e9tendez-vous et faites-vous plaisir en vivant votre derni\u00e8re exp\u00e9rience de Cotonou dans notre Duty-Free! Profitez du meilleur de Cotonou en achetant dans les boutiques Duty-Free dans notre salle d&#8217;embarquement. Les points de vente Duty-Free sont ouverts sans interruption de l&rsquo;ouverture \u00e0 la fermeture de la salle embarquement 7\/7.","og_url":"https:\/\/lab.top.bj\/en\/passagers\/boutiques-services\/","og_site_name":"aeroport de cotonou","article_modified_time":"2024-05-07T15:30:26+00:00","twitter_card":"summary_large_image","twitter_misc":{"Est. reading time":"1 minute"},"schema":{"@context":"https:\/\/schema.org","@graph":[{"@type":"WebPage","@id":"https:\/\/lab.top.bj\/passagers\/boutiques-services\/","url":"https:\/\/lab.top.bj\/passagers\/boutiques-services\/","name":"Boutiques & Services - aeroport de cotonou","isPartOf":{"@id":"https:\/\/lab.top.bj\/#website"},"datePublished":"2020-04-15T23:19:38+00:00","dateModified":"2024-05-07T15:30:26+00:00","breadcrumb":{"@id":"https:\/\/lab.top.bj\/passagers\/boutiques-services\/#breadcrumb"},"inLanguage":"en-US","potentialAction":[{"@type":"ReadAction","target":["https:\/\/lab.top.bj\/passagers\/boutiques-services\/"]}]},{"@type":"BreadcrumbList","@id":"https:\/\/lab.top.bj\/passagers\/boutiques-services\/#breadcrumb","itemListElement":[{"@type":"ListItem","position":1,"name":"Accueil","item":"https:\/\/lab.top.bj\/"},{"@type":"ListItem","position":2,"name":"Passagers","item":"https:\/\/lab.top.bj\/passagers\/"},{"@type":"ListItem","position":3,"name":"Boutiques &#038; Services"}]},{"@type":"WebSite","@id":"https:\/\/lab.top.bj\/#website","url":"https:\/\/lab.top.bj\/","name":"aeroport de cotonou","description":"Cotonou Airport","publisher":{"@id":"https:\/\/lab.top.bj\/#organization"},"potentialAction":[{"@type":"SearchAction","target":{"@type":"EntryPoint","urlTemplate":"https:\/\/lab.top.bj\/?s={search_term_string}"},"query-input":{"@type":"PropertyValueSpecification","valueRequired":true,"valueName":"search_term_string"}}],"inLanguage":"en-US"},{"@type":"Organization","@id":"https:\/\/lab.top.bj\/#organization","name":"aeroport de cotonou","url":"https:\/\/lab.top.bj\/","logo":{"@type":"ImageObject","inLanguage":"en-US","@id":"https:\/\/lab.top.bj\/#\/schema\/logo\/image\/","url":"https:\/\/lab.top.bj\/wp-content\/uploads\/2022\/11\/logo_sab_fv-1.svg","contentUrl":"https:\/\/lab.top.bj\/wp-content\/uploads\/2022\/11\/logo_sab_fv-1.svg","width":410,"height":85,"caption":"aeroport de cotonou"},"image":{"@id":"https:\/\/lab.top.bj\/#\/schema\/logo\/image\/"}}]}},"amp_enabled":true,"_links":{"self":[{"href":"https:\/\/lab.top.bj\/en\/wp-json\/wp\/v2\/pages\/133","targetHints":{"allow":["GET"]}}],"collection":[{"href":"https:\/\/lab.top.bj\/en\/wp-json\/wp\/v2\/pages"}],"about":[{"href":"https:\/\/lab.top.bj\/en\/wp-json\/wp\/v2\/types\/page"}],"author":[{"embeddable":true,"href":"https:\/\/lab.top.bj\/en\/wp-json\/wp\/v2\/users\/2"}],"replies":[{"embeddable":true,"href":"https:\/\/lab.top.bj\/en\/wp-json\/wp\/v2\/comments?post=133"}],"version-history":[{"count":5,"href":"https:\/\/lab.top.bj\/en\/wp-json\/wp\/v2\/pages\/133\/revisions"}],"predecessor-version":[{"id":5128,"href":"https:\/\/lab.top.bj\/en\/wp-json\/wp\/v2\/pages\/133\/revisions\/5128"}],"up":[{"embeddable":true,"href":"https:\/\/lab.top.bj\/en\/wp-json\/wp\/v2\/pages\/38"}],"wp:attachment":[{"href":"https:\/\/lab.top.bj\/en\/wp-json\/wp\/v2\/media?parent=133"}],"curies":[{"name":"wp","href":"https:\/\/api.w.org\/{rel}","templated":true}]}}