{"id":139,"date":"2020-04-15T23:23:21","date_gmt":"2020-04-15T23:23:21","guid":{"rendered":"https:\/\/lab.top.bj\/?page_id=139"},"modified":"2025-04-25T14:55:53","modified_gmt":"2025-04-25T14:55:53","slug":"fournisseurs","status":"publish","type":"page","link":"https:\/\/lab.top.bj\/en\/professionnels\/fournisseurs\/","title":{"rendered":"Suppliers"},"content":{"rendered":"<div data-elementor-type=\"wp-page\" data-elementor-id=\"139\" class=\"elementor elementor-139\">\n\t\t\t\t\t\t<section class=\"has_ae_slider elementor-section elementor-top-section elementor-element elementor-element-5d2d039c elementor-section-stretched elementor-section-height-min-height elementor-section-boxed elementor-section-height-default elementor-section-items-middle ae-bg-gallery-type-default\" data-id=\"5d2d039c\" data-element_type=\"section\" data-e-type=\"section\" data-settings=\"{&quot;stretch_section&quot;:&quot;section-stretched&quot;,&quot;background_background&quot;:&quot;classic&quot;}\">\n\t\t\t\t\t\t\t<div class=\"elementor-background-overlay\"><\/div>\n\t\t\t\t\t\t\t<div class=\"elementor-container elementor-column-gap-default\">\n\t\t\t\t\t<div class=\"has_ae_slider elementor-column elementor-col-100 elementor-top-column elementor-element elementor-element-3b8b0360 ae-bg-gallery-type-default\" data-id=\"3b8b0360\" data-element_type=\"column\" data-e-type=\"column\">\n\t\t\t<div class=\"elementor-widget-wrap\">\n\t\t\t\t\t\t\t<\/div>\n\t\t<\/div>\n\t\t\t\t\t<\/div>\n\t\t<\/section>\n\t\t\t\t<section class=\"has_ae_slider elementor-section elementor-top-section elementor-element elementor-element-62ae7c27 elementor-section-stretched elementor-section-boxed elementor-section-height-default elementor-section-height-default ae-bg-gallery-type-default\" data-id=\"62ae7c27\" data-element_type=\"section\" data-e-type=\"section\" data-settings=\"{&quot;stretch_section&quot;:&quot;section-stretched&quot;,&quot;background_background&quot;:&quot;classic&quot;}\">\n\t\t\t\t\t\t<div class=\"elementor-container elementor-column-gap-default\">\n\t\t\t\t\t<div class=\"has_ae_slider elementor-column elementor-col-100 elementor-top-column elementor-element elementor-element-63b65385 ae-bg-gallery-type-default\" data-id=\"63b65385\" data-element_type=\"column\" data-e-type=\"column\">\n\t\t\t<div class=\"elementor-widget-wrap elementor-element-populated\">\n\t\t\t\t\t\t<section class=\"has_ae_slider elementor-section elementor-inner-section elementor-element elementor-element-9f60c22 elementor-section-boxed elementor-section-height-default elementor-section-height-default ae-bg-gallery-type-default\" data-id=\"9f60c22\" data-element_type=\"section\" data-e-type=\"section\">\n\t\t\t\t\t\t<div class=\"elementor-container elementor-column-gap-default\">\n\t\t\t\t\t<div class=\"has_ae_slider elementor-column elementor-col-100 elementor-inner-column elementor-element elementor-element-713ee7b ae-bg-gallery-type-default\" data-id=\"713ee7b\" data-element_type=\"column\" data-e-type=\"column\">\n\t\t\t<div class=\"elementor-widget-wrap elementor-element-populated\">\n\t\t\t\t\t\t<div class=\"elementor-element elementor-element-3171ae53 elementor-widget elementor-widget-heading\" data-id=\"3171ae53\" data-element_type=\"widget\" data-e-type=\"widget\" data-widget_type=\"heading.default\">\n\t\t\t\t<div class=\"elementor-widget-container\">\n\t\t\t\t\t<h2 class=\"elementor-heading-title elementor-size-default\">Suppliers<\/h2>\t\t\t\t<\/div>\n\t\t\t\t<\/div>\n\t\t\t\t\t<\/div>\n\t\t<\/div>\n\t\t\t\t\t<\/div>\n\t\t<\/section>\n\t\t\t\t\t<\/div>\n\t\t<\/div>\n\t\t\t\t\t<\/div>\n\t\t<\/section>\n\t\t\t\t<section class=\"has_ae_slider elementor-section elementor-top-section elementor-element elementor-element-8da1a0c elementor-section-boxed elementor-section-height-default elementor-section-height-default ae-bg-gallery-type-default\" data-id=\"8da1a0c\" data-element_type=\"section\" data-e-type=\"section\">\n\t\t\t\t\t\t<div class=\"elementor-container elementor-column-gap-default\">\n\t\t\t\t\t<div class=\"has_ae_slider elementor-column elementor-col-100 elementor-top-column elementor-element elementor-element-95d29c9 ae-bg-gallery-type-default\" data-id=\"95d29c9\" data-element_type=\"column\" data-e-type=\"column\">\n\t\t\t<div class=\"elementor-widget-wrap elementor-element-populated\">\n\t\t\t\t\t\t<div class=\"elementor-element elementor-element-4b8916d7 elementor-widget elementor-widget-text-editor\" data-id=\"4b8916d7\" data-element_type=\"widget\" data-e-type=\"widget\" data-widget_type=\"text-editor.default\">\n\t\t\t\t<div class=\"elementor-widget-container\">\n\t\t\t\t\t\t\t\t\t<p>Become an airport supplier<\/p><p><a href=\"https:\/\/lab.top.bj\/en\/aeroport\/nos-appels-doffres\/\">- Calls for tender<\/a><\/p><p><a href=\"https:\/\/lab.top.bj\/en\/aeroport\/contact\/\">- Contact the purchasing department<\/a><\/p><p>For all inquiries concerning current consultations or any other requests relating to purchasing,<br \/>you can contact the person in charge of the Soci\u00e9t\u00e9 des A\u00e9roports du B\u00e9nin purchasing department<br \/>au <span style=\"color: #005d71;\">+229 21 30 25 85<\/span><\/p>\t\t\t\t\t\t\t\t<\/div>\n\t\t\t\t<\/div>\n\t\t\t\t\t<\/div>\n\t\t<\/div>\n\t\t\t\t\t<\/div>\n\t\t<\/section>\n\t\t\t\t<\/div>","protected":false},"excerpt":{"rendered":"<p>Fournisseurs Devenir fournisseurs de l\u2019a\u00e9roport \u2022 Appels d\u2019offres \u2022 Contacter le service achats Pour toutes les demandes concernant les consultations en cours ou toutes autres demandes relatives aux achats,vous pouvez contacter la Personne responsable du service d&rsquo;achats de la Soci\u00e9t\u00e9 des A\u00e9roports du B\u00e9ninau +229 21 30 25 85<\/p>","protected":false},"author":2,"featured_media":0,"parent":40,"menu_order":0,"comment_status":"closed","ping_status":"closed","template":"","meta":{"_acf_changed":false,"footnotes":""},"class_list":["post-139","page","type-page","status-publish","hentry"],"acf":[],"yoast_head":"<!-- This site is optimized with the Yoast SEO plugin v27.0 - https:\/\/yoast.com\/product\/yoast-seo-wordpress\/ -->\n<title>Fournisseurs - aeroport de cotonou<\/title>\n<meta name=\"robots\" content=\"noindex, follow, max-snippet:-1, max-image-preview:large, max-video-preview:-1\" \/>\n<meta property=\"og:locale\" content=\"en_US\" \/>\n<meta property=\"og:type\" content=\"article\" \/>\n<meta property=\"og:title\" content=\"Fournisseurs - aeroport de cotonou\" \/>\n<meta property=\"og:description\" content=\"Fournisseurs Devenir fournisseurs de l\u2019a\u00e9roport \u2022 Appels d\u2019offres \u2022 Contacter le service achats Pour toutes les demandes concernant les consultations en cours ou toutes autres demandes relatives aux achats,vous pouvez contacter la Personne responsable du service d&rsquo;achats de la Soci\u00e9t\u00e9 des A\u00e9roports du B\u00e9ninau +229 21 30 25 85\" \/>\n<meta property=\"og:url\" content=\"https:\/\/lab.top.bj\/en\/professionnels\/fournisseurs\/\" \/>\n<meta property=\"og:site_name\" content=\"aeroport de cotonou\" \/>\n<meta property=\"article:modified_time\" content=\"2025-04-25T14:55:53+00:00\" \/>\n<meta name=\"twitter:card\" content=\"summary_large_image\" \/>\n<meta name=\"twitter:label1\" content=\"Est. reading time\" \/>\n\t<meta name=\"twitter:data1\" content=\"1 minute\" \/>\n<!-- \/ Yoast SEO plugin. -->","yoast_head_json":{"title":"Fournisseurs - aeroport de cotonou","robots":{"index":"noindex","follow":"follow","max-snippet":"max-snippet:-1","max-image-preview":"max-image-preview:large","max-video-preview":"max-video-preview:-1"},"og_locale":"en_US","og_type":"article","og_title":"Fournisseurs - aeroport de cotonou","og_description":"Fournisseurs Devenir fournisseurs de l\u2019a\u00e9roport \u2022 Appels d\u2019offres \u2022 Contacter le service achats Pour toutes les demandes concernant les consultations en cours ou toutes autres demandes relatives aux achats,vous pouvez contacter la Personne responsable du service d&rsquo;achats de la Soci\u00e9t\u00e9 des A\u00e9roports du B\u00e9ninau +229 21 30 25 85","og_url":"https:\/\/lab.top.bj\/en\/professionnels\/fournisseurs\/","og_site_name":"aeroport de cotonou","article_modified_time":"2025-04-25T14:55:53+00:00","twitter_card":"summary_large_image","twitter_misc":{"Est. reading time":"1 minute"},"schema":{"@context":"https:\/\/schema.org","@graph":[{"@type":"WebPage","@id":"https:\/\/lab.top.bj\/professionnels\/fournisseurs\/","url":"https:\/\/lab.top.bj\/professionnels\/fournisseurs\/","name":"Fournisseurs - aeroport de cotonou","isPartOf":{"@id":"https:\/\/lab.top.bj\/#website"},"datePublished":"2020-04-15T23:23:21+00:00","dateModified":"2025-04-25T14:55:53+00:00","breadcrumb":{"@id":"https:\/\/lab.top.bj\/professionnels\/fournisseurs\/#breadcrumb"},"inLanguage":"en-US","potentialAction":[{"@type":"ReadAction","target":["https:\/\/lab.top.bj\/professionnels\/fournisseurs\/"]}]},{"@type":"BreadcrumbList","@id":"https:\/\/lab.top.bj\/professionnels\/fournisseurs\/#breadcrumb","itemListElement":[{"@type":"ListItem","position":1,"name":"Accueil","item":"https:\/\/lab.top.bj\/"},{"@type":"ListItem","position":2,"name":"Professionnels","item":"https:\/\/lab.top.bj\/professionnels\/"},{"@type":"ListItem","position":3,"name":"Fournisseurs"}]},{"@type":"WebSite","@id":"https:\/\/lab.top.bj\/#website","url":"https:\/\/lab.top.bj\/","name":"aeroport de cotonou","description":"Cotonou Airport","publisher":{"@id":"https:\/\/lab.top.bj\/#organization"},"potentialAction":[{"@type":"SearchAction","target":{"@type":"EntryPoint","urlTemplate":"https:\/\/lab.top.bj\/?s={search_term_string}"},"query-input":{"@type":"PropertyValueSpecification","valueRequired":true,"valueName":"search_term_string"}}],"inLanguage":"en-US"},{"@type":"Organization","@id":"https:\/\/lab.top.bj\/#organization","name":"aeroport de cotonou","url":"https:\/\/lab.top.bj\/","logo":{"@type":"ImageObject","inLanguage":"en-US","@id":"https:\/\/lab.top.bj\/#\/schema\/logo\/image\/","url":"https:\/\/lab.top.bj\/wp-content\/uploads\/2022\/11\/logo_sab_fv-1.svg","contentUrl":"https:\/\/lab.top.bj\/wp-content\/uploads\/2022\/11\/logo_sab_fv-1.svg","width":410,"height":85,"caption":"aeroport de cotonou"},"image":{"@id":"https:\/\/lab.top.bj\/#\/schema\/logo\/image\/"}}]}},"amp_enabled":true,"_links":{"self":[{"href":"https:\/\/lab.top.bj\/en\/wp-json\/wp\/v2\/pages\/139","targetHints":{"allow":["GET"]}}],"collection":[{"href":"https:\/\/lab.top.bj\/en\/wp-json\/wp\/v2\/pages"}],"about":[{"href":"https:\/\/lab.top.bj\/en\/wp-json\/wp\/v2\/types\/page"}],"author":[{"embeddable":true,"href":"https:\/\/lab.top.bj\/en\/wp-json\/wp\/v2\/users\/2"}],"replies":[{"embeddable":true,"href":"https:\/\/lab.top.bj\/en\/wp-json\/wp\/v2\/comments?post=139"}],"version-history":[{"count":21,"href":"https:\/\/lab.top.bj\/en\/wp-json\/wp\/v2\/pages\/139\/revisions"}],"predecessor-version":[{"id":5291,"href":"https:\/\/lab.top.bj\/en\/wp-json\/wp\/v2\/pages\/139\/revisions\/5291"}],"up":[{"embeddable":true,"href":"https:\/\/lab.top.bj\/en\/wp-json\/wp\/v2\/pages\/40"}],"wp:attachment":[{"href":"https:\/\/lab.top.bj\/en\/wp-json\/wp\/v2\/media?parent=139"}],"curies":[{"name":"wp","href":"https:\/\/api.w.org\/{rel}","templated":true}]}}