{"id":141,"date":"2020-04-15T23:25:36","date_gmt":"2020-04-15T23:25:36","guid":{"rendered":"https:\/\/lab.top.bj\/?page_id=141"},"modified":"2022-07-07T15:00:58","modified_gmt":"2022-07-07T15:00:58","slug":"fret","status":"publish","type":"page","link":"https:\/\/lab.top.bj\/en\/professionnels\/fret\/","title":{"rendered":"Fret"},"content":{"rendered":"<div data-elementor-type=\"wp-page\" data-elementor-id=\"141\" class=\"elementor elementor-141\">\n\t\t\t\t\t\t<section class=\"has_ae_slider elementor-section elementor-top-section elementor-element elementor-element-602b8582 elementor-section-stretched elementor-section-height-min-height elementor-section-boxed elementor-section-height-default elementor-section-items-middle ae-bg-gallery-type-default\" data-id=\"602b8582\" data-element_type=\"section\" data-e-type=\"section\" data-settings=\"{&quot;stretch_section&quot;:&quot;section-stretched&quot;,&quot;background_background&quot;:&quot;classic&quot;}\">\n\t\t\t\t\t\t\t<div class=\"elementor-background-overlay\"><\/div>\n\t\t\t\t\t\t\t<div class=\"elementor-container elementor-column-gap-default\">\n\t\t\t\t\t<div class=\"has_ae_slider elementor-column elementor-col-100 elementor-top-column elementor-element elementor-element-6ff9a846 ae-bg-gallery-type-default\" data-id=\"6ff9a846\" data-element_type=\"column\" data-e-type=\"column\">\n\t\t\t<div class=\"elementor-widget-wrap\">\n\t\t\t\t\t\t\t<\/div>\n\t\t<\/div>\n\t\t\t\t\t<\/div>\n\t\t<\/section>\n\t\t\t\t<section class=\"has_ae_slider elementor-section elementor-top-section elementor-element elementor-element-13034acb elementor-section-stretched elementor-section-boxed elementor-section-height-default elementor-section-height-default ae-bg-gallery-type-default\" data-id=\"13034acb\" data-element_type=\"section\" data-e-type=\"section\" data-settings=\"{&quot;stretch_section&quot;:&quot;section-stretched&quot;,&quot;background_background&quot;:&quot;classic&quot;}\">\n\t\t\t\t\t\t<div class=\"elementor-container elementor-column-gap-default\">\n\t\t\t\t\t<div class=\"has_ae_slider elementor-column elementor-col-100 elementor-top-column elementor-element elementor-element-354b221e ae-bg-gallery-type-default\" data-id=\"354b221e\" data-element_type=\"column\" data-e-type=\"column\">\n\t\t\t<div class=\"elementor-widget-wrap elementor-element-populated\">\n\t\t\t\t\t\t<section class=\"has_ae_slider elementor-section elementor-inner-section elementor-element elementor-element-bdf8f43 elementor-section-boxed elementor-section-height-default elementor-section-height-default ae-bg-gallery-type-default\" data-id=\"bdf8f43\" data-element_type=\"section\" data-e-type=\"section\">\n\t\t\t\t\t\t<div class=\"elementor-container elementor-column-gap-default\">\n\t\t\t\t\t<div class=\"has_ae_slider elementor-column elementor-col-100 elementor-inner-column elementor-element elementor-element-8be881e ae-bg-gallery-type-default\" data-id=\"8be881e\" data-element_type=\"column\" data-e-type=\"column\">\n\t\t\t<div class=\"elementor-widget-wrap elementor-element-populated\">\n\t\t\t\t\t\t<div class=\"elementor-element elementor-element-7170901b elementor-widget elementor-widget-heading\" data-id=\"7170901b\" data-element_type=\"widget\" data-e-type=\"widget\" data-widget_type=\"heading.default\">\n\t\t\t\t<div class=\"elementor-widget-container\">\n\t\t\t\t\t<h2 class=\"elementor-heading-title elementor-size-default\">Fret<\/h2>\t\t\t\t<\/div>\n\t\t\t\t<\/div>\n\t\t\t\t\t<\/div>\n\t\t<\/div>\n\t\t\t\t\t<\/div>\n\t\t<\/section>\n\t\t\t\t\t<\/div>\n\t\t<\/div>\n\t\t\t\t\t<\/div>\n\t\t<\/section>\n\t\t\t\t<section class=\"has_ae_slider elementor-section elementor-top-section elementor-element elementor-element-61f40ba elementor-section-boxed elementor-section-height-default elementor-section-height-default ae-bg-gallery-type-default\" data-id=\"61f40ba\" data-element_type=\"section\" data-e-type=\"section\">\n\t\t\t\t\t\t<div class=\"elementor-container elementor-column-gap-default\">\n\t\t\t\t\t<div class=\"has_ae_slider elementor-column elementor-col-50 elementor-top-column elementor-element elementor-element-a6208c8 ae-bg-gallery-type-default\" data-id=\"a6208c8\" data-element_type=\"column\" data-e-type=\"column\">\n\t\t\t<div class=\"elementor-widget-wrap elementor-element-populated\">\n\t\t\t\t\t\t<div class=\"elementor-element elementor-element-bd5b5e7 elementor-widget elementor-widget-text-editor\" data-id=\"bd5b5e7\" data-element_type=\"widget\" data-e-type=\"widget\" data-widget_type=\"text-editor.default\">\n\t\t\t\t<div class=\"elementor-widget-container\">\n\t\t\t\t\t\t\t\t\t<p>Une vaste superficie d\u2019entrep\u00f4ts et de bureaux \u00e0 l\u2019usage des agents de fret, comprenant un acc\u00e8s direct en zone r\u00e9serv\u00e9e.<\/p><p>Le fret de l\u2019a\u00e9roport International Cardinal Bernardin Gantin reste op\u00e9rationnel 7j\/7 et s\u2019engage \u00e0 jouer un r\u00f4le pr\u00e9pond\u00e9rant dans l\u2019envoi et la r\u00e9ception de produits essentiels pour l\u2019\u00e9conomie b\u00e9ninoise.<\/p><p>- Statistics<\/p>\t\t\t\t\t\t\t\t<\/div>\n\t\t\t\t<\/div>\n\t\t\t\t\t<\/div>\n\t\t<\/div>\n\t\t\t\t<div class=\"has_ae_slider elementor-column elementor-col-50 elementor-top-column elementor-element elementor-element-de1876d ae-bg-gallery-type-default\" data-id=\"de1876d\" data-element_type=\"column\" data-e-type=\"column\">\n\t\t\t<div class=\"elementor-widget-wrap\">\n\t\t\t\t\t\t\t<\/div>\n\t\t<\/div>\n\t\t\t\t\t<\/div>\n\t\t<\/section>\n\t\t\t\t<section class=\"has_ae_slider elementor-section elementor-top-section elementor-element elementor-element-42236c52 elementor-section-boxed elementor-section-height-default elementor-section-height-default ae-bg-gallery-type-default\" data-id=\"42236c52\" data-element_type=\"section\" data-e-type=\"section\">\n\t\t\t\t\t\t<div class=\"elementor-container elementor-column-gap-default\">\n\t\t\t\t\t<div class=\"has_ae_slider elementor-column elementor-col-100 elementor-top-column elementor-element elementor-element-19b2ccb ae-bg-gallery-type-default\" data-id=\"19b2ccb\" data-element_type=\"column\" data-e-type=\"column\">\n\t\t\t<div class=\"elementor-widget-wrap elementor-element-populated\">\n\t\t\t\t\t\t<div class=\"elementor-element elementor-element-a4bcf42 elementor-widget elementor-widget-text-editor\" data-id=\"a4bcf42\" data-element_type=\"widget\" data-e-type=\"widget\" data-widget_type=\"text-editor.default\">\n\t\t\t\t<div class=\"elementor-widget-container\">\n\t\t\t\t\t\t\t\t\t<p>A\u00e9rogare fret, magasins et entrep\u00f4ts<\/p>\t\t\t\t\t\t\t\t<\/div>\n\t\t\t\t<\/div>\n\t\t\t\t<div class=\"elementor-element elementor-element-cc16d8b elementor-widget elementor-widget-image\" data-id=\"cc16d8b\" data-element_type=\"widget\" data-e-type=\"widget\" data-widget_type=\"image.default\">\n\t\t\t\t<div class=\"elementor-widget-container\">\n\t\t\t\t\t\t\t\t\t\t\t\t\t\t\t<img fetchpriority=\"high\" decoding=\"async\" width=\"1639\" height=\"796\" src=\"https:\/\/lab.top.bj\/wp-content\/uploads\/2020\/06\/img_fret_gal.jpg\" class=\"attachment-full size-full wp-image-1629\" alt=\"\" srcset=\"https:\/\/lab.top.bj\/wp-content\/uploads\/2020\/06\/img_fret_gal.jpg 1639w, https:\/\/lab.top.bj\/wp-content\/uploads\/2020\/06\/img_fret_gal-300x146.jpg 300w, https:\/\/lab.top.bj\/wp-content\/uploads\/2020\/06\/img_fret_gal-1024x497.jpg 1024w, https:\/\/lab.top.bj\/wp-content\/uploads\/2020\/06\/img_fret_gal-768x373.jpg 768w, https:\/\/lab.top.bj\/wp-content\/uploads\/2020\/06\/img_fret_gal-1536x746.jpg 1536w\" sizes=\"(max-width: 1639px) 100vw, 1639px\" \/>\t\t\t\t\t\t\t\t\t\t\t\t\t\t\t<\/div>\n\t\t\t\t<\/div>\n\t\t\t\t\t<\/div>\n\t\t<\/div>\n\t\t\t\t\t<\/div>\n\t\t<\/section>\n\t\t\t\t<section class=\"has_ae_slider elementor-section elementor-top-section elementor-element elementor-element-98484d0 elementor-section-boxed elementor-section-height-default elementor-section-height-default ae-bg-gallery-type-default\" data-id=\"98484d0\" data-element_type=\"section\" data-e-type=\"section\">\n\t\t\t\t\t\t<div class=\"elementor-container elementor-column-gap-default\">\n\t\t\t\t\t<div class=\"has_ae_slider elementor-column elementor-col-100 elementor-top-column elementor-element elementor-element-eb0c9cf ae-bg-gallery-type-default\" data-id=\"eb0c9cf\" data-element_type=\"column\" data-e-type=\"column\">\n\t\t\t<div class=\"elementor-widget-wrap elementor-element-populated\">\n\t\t\t\t\t\t<div class=\"elementor-element elementor-element-6bb45e3 elementor-widget elementor-widget-text-editor\" data-id=\"6bb45e3\" data-element_type=\"widget\" data-e-type=\"widget\" data-widget_type=\"text-editor.default\">\n\t\t\t\t<div class=\"elementor-widget-container\">\n\t\t\t\t\t\t\t\t\t<p>Prestataires fret<\/p>\t\t\t\t\t\t\t\t<\/div>\n\t\t\t\t<\/div>\n\t\t\t\t<div class=\"elementor-element elementor-element-a6212e5 elementor-widget elementor-widget-image\" data-id=\"a6212e5\" data-element_type=\"widget\" data-e-type=\"widget\" data-widget_type=\"image.default\">\n\t\t\t\t<div class=\"elementor-widget-container\">\n\t\t\t\t\t\t\t\t\t\t\t\t\t\t\t<img decoding=\"async\" width=\"1639\" height=\"1380\" data-src=\"https:\/\/lab.top.bj\/wp-content\/uploads\/2020\/06\/img_tab_fret.jpg\" class=\"attachment-full size-full wp-image-1632 lazyload\" alt=\"img_tab_fret\" data-srcset=\"https:\/\/lab.top.bj\/wp-content\/uploads\/2020\/06\/img_tab_fret.jpg 1639w, https:\/\/lab.top.bj\/wp-content\/uploads\/2020\/06\/img_tab_fret-300x253.jpg 300w, https:\/\/lab.top.bj\/wp-content\/uploads\/2020\/06\/img_tab_fret-1024x862.jpg 1024w, https:\/\/lab.top.bj\/wp-content\/uploads\/2020\/06\/img_tab_fret-768x647.jpg 768w, https:\/\/lab.top.bj\/wp-content\/uploads\/2020\/06\/img_tab_fret-1536x1293.jpg 1536w\" data-sizes=\"(max-width: 1639px) 100vw, 1639px\" src=\"data:image\/svg+xml;base64,PHN2ZyB3aWR0aD0iMSIgaGVpZ2h0PSIxIiB4bWxucz0iaHR0cDovL3d3dy53My5vcmcvMjAwMC9zdmciPjwvc3ZnPg==\" style=\"--smush-placeholder-width: 1639px; --smush-placeholder-aspect-ratio: 1639\/1380;\" \/>\t\t\t\t\t\t\t\t\t\t\t\t\t\t\t<\/div>\n\t\t\t\t<\/div>\n\t\t\t\t\t<\/div>\n\t\t<\/div>\n\t\t\t\t\t<\/div>\n\t\t<\/section>\n\t\t\t\t<\/div>","protected":false},"excerpt":{"rendered":"<p>Fret Une vaste superficie d\u2019entrep\u00f4ts et de bureaux \u00e0 l\u2019usage des agents de fret, comprenant un acc\u00e8s direct en zone r\u00e9serv\u00e9e. Le fret de l\u2019a\u00e9roport International Cardinal Bernardin Gantin reste op\u00e9rationnel 7j\/7 et s\u2019engage \u00e0 jouer un r\u00f4le pr\u00e9pond\u00e9rant dans l\u2019envoi et la r\u00e9ception de produits essentiels pour l\u2019\u00e9conomie b\u00e9ninoise. \u2022 Statistiques A\u00e9rogare fret, magasins [&hellip;]<\/p>\n","protected":false},"author":2,"featured_media":0,"parent":40,"menu_order":0,"comment_status":"closed","ping_status":"closed","template":"","meta":{"_acf_changed":false,"footnotes":""},"class_list":["post-141","page","type-page","status-publish","hentry"],"acf":[],"yoast_head":"<!-- This site is optimized with the Yoast SEO plugin v27.0 - https:\/\/yoast.com\/product\/yoast-seo-wordpress\/ -->\n<title>Fret - aeroport de cotonou<\/title>\n<meta name=\"robots\" content=\"noindex, follow, max-snippet:-1, max-image-preview:large, max-video-preview:-1\" \/>\n<meta property=\"og:locale\" content=\"en_US\" \/>\n<meta property=\"og:type\" content=\"article\" \/>\n<meta property=\"og:title\" content=\"Fret - aeroport de cotonou\" \/>\n<meta property=\"og:description\" content=\"Fret Une vaste superficie d\u2019entrep\u00f4ts et de bureaux \u00e0 l\u2019usage des agents de fret, comprenant un acc\u00e8s direct en zone r\u00e9serv\u00e9e. Le fret de l\u2019a\u00e9roport International Cardinal Bernardin Gantin reste op\u00e9rationnel 7j\/7 et s\u2019engage \u00e0 jouer un r\u00f4le pr\u00e9pond\u00e9rant dans l\u2019envoi et la r\u00e9ception de produits essentiels pour l\u2019\u00e9conomie b\u00e9ninoise. \u2022 Statistiques A\u00e9rogare fret, magasins [&hellip;]\" \/>\n<meta property=\"og:url\" content=\"https:\/\/lab.top.bj\/en\/professionnels\/fret\/\" \/>\n<meta property=\"og:site_name\" content=\"aeroport de cotonou\" \/>\n<meta property=\"article:modified_time\" content=\"2022-07-07T15:00:58+00:00\" \/>\n<meta property=\"og:image\" content=\"https:\/\/lab.top.bj\/wp-content\/uploads\/2020\/06\/img_fret_gal.jpg\" \/>\n<meta name=\"twitter:card\" content=\"summary_large_image\" \/>\n<meta name=\"twitter:label1\" content=\"Est. reading time\" \/>\n\t<meta name=\"twitter:data1\" content=\"1 minute\" \/>\n<!-- \/ Yoast SEO plugin. -->","yoast_head_json":{"title":"Fret - aeroport de cotonou","robots":{"index":"noindex","follow":"follow","max-snippet":"max-snippet:-1","max-image-preview":"max-image-preview:large","max-video-preview":"max-video-preview:-1"},"og_locale":"en_US","og_type":"article","og_title":"Fret - aeroport de cotonou","og_description":"Fret Une vaste superficie d\u2019entrep\u00f4ts et de bureaux \u00e0 l\u2019usage des agents de fret, comprenant un acc\u00e8s direct en zone r\u00e9serv\u00e9e. Le fret de l\u2019a\u00e9roport International Cardinal Bernardin Gantin reste op\u00e9rationnel 7j\/7 et s\u2019engage \u00e0 jouer un r\u00f4le pr\u00e9pond\u00e9rant dans l\u2019envoi et la r\u00e9ception de produits essentiels pour l\u2019\u00e9conomie b\u00e9ninoise. \u2022 Statistiques A\u00e9rogare fret, magasins [&hellip;]","og_url":"https:\/\/lab.top.bj\/en\/professionnels\/fret\/","og_site_name":"aeroport de cotonou","article_modified_time":"2022-07-07T15:00:58+00:00","og_image":[{"url":"https:\/\/lab.top.bj\/wp-content\/uploads\/2020\/06\/img_fret_gal.jpg","type":"","width":"","height":""}],"twitter_card":"summary_large_image","twitter_misc":{"Est. reading time":"1 minute"},"schema":{"@context":"https:\/\/schema.org","@graph":[{"@type":"WebPage","@id":"https:\/\/lab.top.bj\/professionnels\/fret\/","url":"https:\/\/lab.top.bj\/professionnels\/fret\/","name":"Fret - aeroport de cotonou","isPartOf":{"@id":"https:\/\/lab.top.bj\/#website"},"primaryImageOfPage":{"@id":"https:\/\/lab.top.bj\/professionnels\/fret\/#primaryimage"},"image":{"@id":"https:\/\/lab.top.bj\/professionnels\/fret\/#primaryimage"},"thumbnailUrl":"https:\/\/lab.top.bj\/wp-content\/uploads\/2020\/06\/img_fret_gal.jpg","datePublished":"2020-04-15T23:25:36+00:00","dateModified":"2022-07-07T15:00:58+00:00","breadcrumb":{"@id":"https:\/\/lab.top.bj\/professionnels\/fret\/#breadcrumb"},"inLanguage":"en-US","potentialAction":[{"@type":"ReadAction","target":["https:\/\/lab.top.bj\/professionnels\/fret\/"]}]},{"@type":"ImageObject","inLanguage":"en-US","@id":"https:\/\/lab.top.bj\/professionnels\/fret\/#primaryimage","url":"https:\/\/lab.top.bj\/wp-content\/uploads\/2020\/06\/img_fret_gal.jpg","contentUrl":"https:\/\/lab.top.bj\/wp-content\/uploads\/2020\/06\/img_fret_gal.jpg"},{"@type":"BreadcrumbList","@id":"https:\/\/lab.top.bj\/professionnels\/fret\/#breadcrumb","itemListElement":[{"@type":"ListItem","position":1,"name":"Accueil","item":"https:\/\/lab.top.bj\/"},{"@type":"ListItem","position":2,"name":"Professionnels","item":"https:\/\/lab.top.bj\/professionnels\/"},{"@type":"ListItem","position":3,"name":"Fret"}]},{"@type":"WebSite","@id":"https:\/\/lab.top.bj\/#website","url":"https:\/\/lab.top.bj\/","name":"aeroport de cotonou","description":"Cotonou Airport","publisher":{"@id":"https:\/\/lab.top.bj\/#organization"},"potentialAction":[{"@type":"SearchAction","target":{"@type":"EntryPoint","urlTemplate":"https:\/\/lab.top.bj\/?s={search_term_string}"},"query-input":{"@type":"PropertyValueSpecification","valueRequired":true,"valueName":"search_term_string"}}],"inLanguage":"en-US"},{"@type":"Organization","@id":"https:\/\/lab.top.bj\/#organization","name":"aeroport de cotonou","url":"https:\/\/lab.top.bj\/","logo":{"@type":"ImageObject","inLanguage":"en-US","@id":"https:\/\/lab.top.bj\/#\/schema\/logo\/image\/","url":"https:\/\/lab.top.bj\/wp-content\/uploads\/2022\/11\/logo_sab_fv-1.svg","contentUrl":"https:\/\/lab.top.bj\/wp-content\/uploads\/2022\/11\/logo_sab_fv-1.svg","width":410,"height":85,"caption":"aeroport de cotonou"},"image":{"@id":"https:\/\/lab.top.bj\/#\/schema\/logo\/image\/"}}]}},"amp_enabled":true,"_links":{"self":[{"href":"https:\/\/lab.top.bj\/en\/wp-json\/wp\/v2\/pages\/141","targetHints":{"allow":["GET"]}}],"collection":[{"href":"https:\/\/lab.top.bj\/en\/wp-json\/wp\/v2\/pages"}],"about":[{"href":"https:\/\/lab.top.bj\/en\/wp-json\/wp\/v2\/types\/page"}],"author":[{"embeddable":true,"href":"https:\/\/lab.top.bj\/en\/wp-json\/wp\/v2\/users\/2"}],"replies":[{"embeddable":true,"href":"https:\/\/lab.top.bj\/en\/wp-json\/wp\/v2\/comments?post=141"}],"version-history":[{"count":23,"href":"https:\/\/lab.top.bj\/en\/wp-json\/wp\/v2\/pages\/141\/revisions"}],"predecessor-version":[{"id":3749,"href":"https:\/\/lab.top.bj\/en\/wp-json\/wp\/v2\/pages\/141\/revisions\/3749"}],"up":[{"embeddable":true,"href":"https:\/\/lab.top.bj\/en\/wp-json\/wp\/v2\/pages\/40"}],"wp:attachment":[{"href":"https:\/\/lab.top.bj\/en\/wp-json\/wp\/v2\/media?parent=141"}],"curies":[{"name":"wp","href":"https:\/\/api.w.org\/{rel}","templated":true}]}}