{"id":2999,"date":"2021-01-26T09:19:35","date_gmt":"2021-01-26T09:19:35","guid":{"rendered":"https:\/\/lab.top.bj\/?page_id=2999"},"modified":"2026-01-29T08:25:21","modified_gmt":"2026-01-29T08:25:21","slug":"surete","status":"publish","type":"page","link":"https:\/\/lab.top.bj\/en\/surete\/","title":{"rendered":"S\u00fbret\u00e9"},"content":{"rendered":"<div data-elementor-type=\"wp-page\" data-elementor-id=\"2999\" class=\"elementor elementor-2999\">\n\t\t\t\t\t\t<section class=\"has_ae_slider elementor-section elementor-top-section elementor-element elementor-element-2d5a87b elementor-section-height-min-height elementor-section-boxed elementor-section-height-default elementor-section-items-middle ae-bg-gallery-type-default\" data-id=\"2d5a87b\" data-element_type=\"section\" data-e-type=\"section\" data-settings=\"{&quot;background_background&quot;:&quot;classic&quot;}\">\n\t\t\t\t\t\t\t<div class=\"elementor-background-overlay\"><\/div>\n\t\t\t\t\t\t\t<div class=\"elementor-container elementor-column-gap-default\">\n\t\t\t\t\t<div class=\"has_ae_slider elementor-column elementor-col-100 elementor-top-column elementor-element elementor-element-704f27d ae-bg-gallery-type-default\" data-id=\"704f27d\" data-element_type=\"column\" data-e-type=\"column\">\n\t\t\t<div class=\"elementor-widget-wrap\">\n\t\t\t\t\t\t\t<\/div>\n\t\t<\/div>\n\t\t\t\t\t<\/div>\n\t\t<\/section>\n\t\t\t\t<section class=\"has_ae_slider elementor-section elementor-top-section elementor-element elementor-element-697be9d elementor-section-stretched elementor-section-boxed elementor-section-height-default elementor-section-height-default ae-bg-gallery-type-default\" data-id=\"697be9d\" data-element_type=\"section\" data-e-type=\"section\" data-settings=\"{&quot;stretch_section&quot;:&quot;section-stretched&quot;,&quot;background_background&quot;:&quot;classic&quot;}\">\n\t\t\t\t\t\t<div class=\"elementor-container elementor-column-gap-default\">\n\t\t\t\t\t<div class=\"has_ae_slider elementor-column elementor-col-100 elementor-top-column elementor-element elementor-element-7eed619 ae-bg-gallery-type-default\" data-id=\"7eed619\" data-element_type=\"column\" data-e-type=\"column\">\n\t\t\t<div class=\"elementor-widget-wrap elementor-element-populated\">\n\t\t\t\t\t\t<section class=\"has_ae_slider elementor-section elementor-inner-section elementor-element elementor-element-1210700 elementor-section-boxed elementor-section-height-default elementor-section-height-default ae-bg-gallery-type-default\" data-id=\"1210700\" data-element_type=\"section\" data-e-type=\"section\">\n\t\t\t\t\t\t<div class=\"elementor-container elementor-column-gap-default\">\n\t\t\t\t\t<div class=\"has_ae_slider elementor-column elementor-col-100 elementor-inner-column elementor-element elementor-element-032c7ad ae-bg-gallery-type-default\" data-id=\"032c7ad\" data-element_type=\"column\" data-e-type=\"column\">\n\t\t\t<div class=\"elementor-widget-wrap elementor-element-populated\">\n\t\t\t\t\t\t<div class=\"elementor-element elementor-element-8354b12 elementor-widget elementor-widget-heading\" data-id=\"8354b12\" data-element_type=\"widget\" data-e-type=\"widget\" data-widget_type=\"heading.default\">\n\t\t\t\t<div class=\"elementor-widget-container\">\n\t\t\t\t\t<h2 class=\"elementor-heading-title elementor-size-default\">REQUEST FOR ACCESS PERMIT<\/h2>\t\t\t\t<\/div>\n\t\t\t\t<\/div>\n\t\t\t\t\t<\/div>\n\t\t<\/div>\n\t\t\t\t\t<\/div>\n\t\t<\/section>\n\t\t\t\t\t<\/div>\n\t\t<\/div>\n\t\t\t\t\t<\/div>\n\t\t<\/section>\n\t\t\t\t<section class=\"has_ae_slider elementor-section elementor-top-section elementor-element elementor-element-3d021af elementor-section-boxed elementor-section-height-default elementor-section-height-default ae-bg-gallery-type-default\" data-id=\"3d021af\" data-element_type=\"section\" data-e-type=\"section\">\n\t\t\t\t\t\t<div class=\"elementor-container elementor-column-gap-default\">\n\t\t\t\t\t<div class=\"has_ae_slider elementor-column elementor-col-100 elementor-top-column elementor-element elementor-element-8f5f115 ae-bg-gallery-type-default\" data-id=\"8f5f115\" data-element_type=\"column\" data-e-type=\"column\">\n\t\t\t<div class=\"elementor-widget-wrap elementor-element-populated\">\n\t\t\t\t\t\t<div class=\"elementor-element elementor-element-46f083d elementor-widget-divider--view-line elementor-widget elementor-widget-divider\" data-id=\"46f083d\" data-element_type=\"widget\" data-e-type=\"widget\" data-widget_type=\"divider.default\">\n\t\t\t\t<div class=\"elementor-widget-container\">\n\t\t\t\t\t\t\t<div class=\"elementor-divider\">\n\t\t\t<span class=\"elementor-divider-separator\">\n\t\t\t\t\t\t<\/span>\n\t\t<\/div>\n\t\t\t\t\t\t<\/div>\n\t\t\t\t<\/div>\n\t\t\t\t<div class=\"elementor-element elementor-element-ec57c34 elementor-widget elementor-widget-text-editor\" data-id=\"ec57c34\" data-element_type=\"widget\" data-e-type=\"widget\" data-widget_type=\"text-editor.default\">\n\t\t\t\t<div class=\"elementor-widget-container\">\n\t\t\t\t\t\t\t\t\t<p><b><i>To request an access card, please download the appropriate form below.<\/i><\/b><\/p>\t\t\t\t\t\t\t\t<\/div>\n\t\t\t\t<\/div>\n\t\t\t\t\t<\/div>\n\t\t<\/div>\n\t\t\t\t\t<\/div>\n\t\t<\/section>\n\t\t\t\t<section class=\"has_ae_slider elementor-section elementor-top-section elementor-element elementor-element-741fb07 elementor-section-boxed elementor-section-height-default elementor-section-height-default ae-bg-gallery-type-default\" data-id=\"741fb07\" data-element_type=\"section\" data-e-type=\"section\">\n\t\t\t\t\t\t<div class=\"elementor-container elementor-column-gap-default\">\n\t\t\t\t\t<div class=\"has_ae_slider elementor-column elementor-col-100 elementor-top-column elementor-element elementor-element-d3e00b7 ae-bg-gallery-type-default\" data-id=\"d3e00b7\" data-element_type=\"column\" data-e-type=\"column\">\n\t\t\t<div class=\"elementor-widget-wrap elementor-element-populated\">\n\t\t\t\t\t\t<div class=\"elementor-element elementor-element-2db096d elementor-widget elementor-widget-heading\" data-id=\"2db096d\" data-element_type=\"widget\" data-e-type=\"widget\" data-widget_type=\"heading.default\">\n\t\t\t\t<div class=\"elementor-widget-container\">\n\t\t\t\t\t<h5 class=\"elementor-heading-title elementor-size-default\"><a href=\"https:\/\/lab.top.bj\/wp-content\/uploads\/2022\/11\/2022-11-18-COO-ASS-SUR-ENR-0002-Formulaire-de-demande-dAutorisation-Exceptionnelle-dAcces.pdf\">-REQUEST FOR EXCEPTIONAL ACCESS AUTHORIZATION<\/a><\/h5>\t\t\t\t<\/div>\n\t\t\t\t<\/div>\n\t\t\t\t<div class=\"elementor-element elementor-element-9b0c052 elementor-widget elementor-widget-heading\" data-id=\"9b0c052\" data-element_type=\"widget\" data-e-type=\"widget\" data-widget_type=\"heading.default\">\n\t\t\t\t<div class=\"elementor-widget-container\">\n\t\t\t\t\t<h5 class=\"elementor-heading-title elementor-size-default\"><a href=\"https:\/\/lab.top.bj\/wp-content\/uploads\/2022\/11\/COO-ASS-SUR-ENR-0006-Demande-de-badge-vert-visiteur-v02.pdf\">-GREEN VISITOR BADGE REQUEST<span style=\"font-size: 1.25rem\"><\/span><br><\/a><\/h5>\t\t\t\t<\/div>\n\t\t\t\t<\/div>\n\t\t\t\t<div class=\"elementor-element elementor-element-47f391b elementor-widget elementor-widget-heading\" data-id=\"47f391b\" data-element_type=\"widget\" data-e-type=\"widget\" data-widget_type=\"heading.default\">\n\t\t\t\t<div class=\"elementor-widget-container\">\n\t\t\t\t\t<h5 class=\"elementor-heading-title elementor-size-default\"><a href=\"https:\/\/lab.top.bj\/wp-content\/uploads\/2021\/01\/004_FORMULAIRE-DESIGNATION-PFS.pdf\">-FORM REQUEST DESIGNATION Safety Focal Point<\/a><\/h5>\t\t\t\t<\/div>\n\t\t\t\t<\/div>\n\t\t\t\t<div class=\"elementor-element elementor-element-82a901e elementor-widget elementor-widget-heading\" data-id=\"82a901e\" data-element_type=\"widget\" data-e-type=\"widget\" data-widget_type=\"heading.default\">\n\t\t\t\t<div class=\"elementor-widget-container\">\n\t\t\t\t\t<h5 class=\"elementor-heading-title elementor-size-default\"><a href=\"https:\/\/lab.top.bj\/wp-content\/uploads\/2021\/02\/001_DEMANDE-DAUTORISATION-DACTIVITE.pdf\">-ACTIVITY AUTHORIZATION APPLICATION FORM<\/a><\/h5>\t\t\t\t<\/div>\n\t\t\t\t<\/div>\n\t\t\t\t<div class=\"elementor-element elementor-element-c13d743 elementor-widget elementor-widget-heading\" data-id=\"c13d743\" data-element_type=\"widget\" data-e-type=\"widget\" data-widget_type=\"heading.default\">\n\t\t\t\t<div class=\"elementor-widget-container\">\n\t\t\t\t\t<h5 class=\"elementor-heading-title elementor-size-default\"><a href=\"https:\/\/lab.top.bj\/wp-content\/uploads\/2023\/12\/Formulaire-de-demande-Macaron.pdf\">-BADGE FORM<\/a><\/h5>\t\t\t\t<\/div>\n\t\t\t\t<\/div>\n\t\t\t\t<div class=\"elementor-element elementor-element-4321e76 elementor-widget elementor-widget-heading\" data-id=\"4321e76\" data-element_type=\"widget\" data-e-type=\"widget\" data-widget_type=\"heading.default\">\n\t\t\t\t<div class=\"elementor-widget-container\">\n\t\t\t\t\t<h5 class=\"elementor-heading-title elementor-size-default\"><a href=\"https:\/\/lab.top.bj\/wp-content\/uploads\/2026\/01\/DECLARATION-SUR-HONNEUR.pdf\">-FORMULAIRE DE DECLARATION SUR HONNEUR<\/a><\/h5>\t\t\t\t<\/div>\n\t\t\t\t<\/div>\n\t\t\t\t<div class=\"elementor-element elementor-element-acc3d29 elementor-widget elementor-widget-heading\" data-id=\"acc3d29\" data-element_type=\"widget\" data-e-type=\"widget\" data-widget_type=\"heading.default\">\n\t\t\t\t<div class=\"elementor-widget-container\">\n\t\t\t\t\t<h5 class=\"elementor-heading-title elementor-size-default\"><a href=\"https:\/\/lab.top.bj\/wp-content\/uploads\/2026\/01\/ENGAGEMENT-DE-LEMPLOYEUR.pdf\">-FORMULAIRE D'ENGAGEMENT DE L'EMPLOYEUR<\/a><\/h5>\t\t\t\t<\/div>\n\t\t\t\t<\/div>\n\t\t\t\t\t<\/div>\n\t\t<\/div>\n\t\t\t\t\t<\/div>\n\t\t<\/section>\n\t\t\t\t<\/div>","protected":false},"excerpt":{"rendered":"<p>DEMANDE DE TITRE D&rsquo;ACCES Pour vos demandes de titres d&rsquo;acc\u00e8s, veuillez t\u00e9l\u00e9charger ci-dessous le formulaire appropri\u00e9. -DEMANDE D&rsquo;AUTORISATION EXCEPTIONNELLE D&rsquo;ACCES -DEMANDE DE BADGE VERT-VISITEUR -DEMANDE DE FORMULAIRE DESIGNATION Point Focal S\u00fbret\u00e9 -FORMULAIRE DEMANDE AUTORISATION D&rsquo;ACTIVITE -FORMULAIRE MACARON -FORMULAIRE DE DECLARATION SUR HONNEUR -FORMULAIRE D&rsquo;ENGAGEMENT DE L&rsquo;EMPLOYEUR<\/p>","protected":false},"author":17,"featured_media":0,"parent":0,"menu_order":0,"comment_status":"closed","ping_status":"closed","template":"","meta":{"_acf_changed":false,"footnotes":""},"class_list":["post-2999","page","type-page","status-publish","hentry"],"acf":[],"yoast_head":"<!-- This site is optimized with the Yoast SEO plugin v27.0 - https:\/\/yoast.com\/product\/yoast-seo-wordpress\/ -->\n<title>S\u00fbret\u00e9 - aeroport de cotonou<\/title>\n<meta name=\"robots\" content=\"noindex, follow, max-snippet:-1, max-image-preview:large, max-video-preview:-1\" \/>\n<meta property=\"og:locale\" content=\"en_US\" \/>\n<meta property=\"og:type\" content=\"article\" \/>\n<meta property=\"og:title\" content=\"S\u00fbret\u00e9 - aeroport de cotonou\" \/>\n<meta property=\"og:description\" content=\"DEMANDE DE TITRE D&rsquo;ACCES Pour vos demandes de titres d&rsquo;acc\u00e8s, veuillez t\u00e9l\u00e9charger ci-dessous le formulaire appropri\u00e9. -DEMANDE D&rsquo;AUTORISATION EXCEPTIONNELLE D&rsquo;ACCES -DEMANDE DE BADGE VERT-VISITEUR -DEMANDE DE FORMULAIRE DESIGNATION Point Focal S\u00fbret\u00e9 -FORMULAIRE DEMANDE AUTORISATION D&rsquo;ACTIVITE -FORMULAIRE MACARON -FORMULAIRE DE DECLARATION SUR HONNEUR -FORMULAIRE D&rsquo;ENGAGEMENT DE L&rsquo;EMPLOYEUR\" \/>\n<meta property=\"og:url\" content=\"https:\/\/lab.top.bj\/en\/surete\/\" \/>\n<meta property=\"og:site_name\" content=\"aeroport de cotonou\" \/>\n<meta property=\"article:modified_time\" content=\"2026-01-29T08:25:21+00:00\" \/>\n<meta name=\"twitter:card\" content=\"summary_large_image\" \/>\n<meta name=\"twitter:label1\" content=\"Est. reading time\" \/>\n\t<meta name=\"twitter:data1\" content=\"1 minute\" \/>\n<!-- \/ Yoast SEO plugin. -->","yoast_head_json":{"title":"S\u00fbret\u00e9 - aeroport de cotonou","robots":{"index":"noindex","follow":"follow","max-snippet":"max-snippet:-1","max-image-preview":"max-image-preview:large","max-video-preview":"max-video-preview:-1"},"og_locale":"en_US","og_type":"article","og_title":"S\u00fbret\u00e9 - aeroport de cotonou","og_description":"DEMANDE DE TITRE D&rsquo;ACCES Pour vos demandes de titres d&rsquo;acc\u00e8s, veuillez t\u00e9l\u00e9charger ci-dessous le formulaire appropri\u00e9. -DEMANDE D&rsquo;AUTORISATION EXCEPTIONNELLE D&rsquo;ACCES -DEMANDE DE BADGE VERT-VISITEUR -DEMANDE DE FORMULAIRE DESIGNATION Point Focal S\u00fbret\u00e9 -FORMULAIRE DEMANDE AUTORISATION D&rsquo;ACTIVITE -FORMULAIRE MACARON -FORMULAIRE DE DECLARATION SUR HONNEUR -FORMULAIRE D&rsquo;ENGAGEMENT DE L&rsquo;EMPLOYEUR","og_url":"https:\/\/lab.top.bj\/en\/surete\/","og_site_name":"aeroport de cotonou","article_modified_time":"2026-01-29T08:25:21+00:00","twitter_card":"summary_large_image","twitter_misc":{"Est. reading time":"1 minute"},"schema":{"@context":"https:\/\/schema.org","@graph":[{"@type":"WebPage","@id":"https:\/\/lab.top.bj\/surete\/","url":"https:\/\/lab.top.bj\/surete\/","name":"S\u00fbret\u00e9 - aeroport de cotonou","isPartOf":{"@id":"https:\/\/lab.top.bj\/#website"},"datePublished":"2021-01-26T09:19:35+00:00","dateModified":"2026-01-29T08:25:21+00:00","breadcrumb":{"@id":"https:\/\/lab.top.bj\/surete\/#breadcrumb"},"inLanguage":"en-US","potentialAction":[{"@type":"ReadAction","target":["https:\/\/lab.top.bj\/surete\/"]}]},{"@type":"BreadcrumbList","@id":"https:\/\/lab.top.bj\/surete\/#breadcrumb","itemListElement":[{"@type":"ListItem","position":1,"name":"Accueil","item":"https:\/\/lab.top.bj\/"},{"@type":"ListItem","position":2,"name":"S\u00fbret\u00e9"}]},{"@type":"WebSite","@id":"https:\/\/lab.top.bj\/#website","url":"https:\/\/lab.top.bj\/","name":"aeroport de cotonou","description":"Cotonou Airport","publisher":{"@id":"https:\/\/lab.top.bj\/#organization"},"potentialAction":[{"@type":"SearchAction","target":{"@type":"EntryPoint","urlTemplate":"https:\/\/lab.top.bj\/?s={search_term_string}"},"query-input":{"@type":"PropertyValueSpecification","valueRequired":true,"valueName":"search_term_string"}}],"inLanguage":"en-US"},{"@type":"Organization","@id":"https:\/\/lab.top.bj\/#organization","name":"aeroport de cotonou","url":"https:\/\/lab.top.bj\/","logo":{"@type":"ImageObject","inLanguage":"en-US","@id":"https:\/\/lab.top.bj\/#\/schema\/logo\/image\/","url":"https:\/\/lab.top.bj\/wp-content\/uploads\/2022\/11\/logo_sab_fv-1.svg","contentUrl":"https:\/\/lab.top.bj\/wp-content\/uploads\/2022\/11\/logo_sab_fv-1.svg","width":410,"height":85,"caption":"aeroport de cotonou"},"image":{"@id":"https:\/\/lab.top.bj\/#\/schema\/logo\/image\/"}}]}},"amp_enabled":true,"_links":{"self":[{"href":"https:\/\/lab.top.bj\/en\/wp-json\/wp\/v2\/pages\/2999","targetHints":{"allow":["GET"]}}],"collection":[{"href":"https:\/\/lab.top.bj\/en\/wp-json\/wp\/v2\/pages"}],"about":[{"href":"https:\/\/lab.top.bj\/en\/wp-json\/wp\/v2\/types\/page"}],"author":[{"embeddable":true,"href":"https:\/\/lab.top.bj\/en\/wp-json\/wp\/v2\/users\/17"}],"replies":[{"embeddable":true,"href":"https:\/\/lab.top.bj\/en\/wp-json\/wp\/v2\/comments?post=2999"}],"version-history":[{"count":106,"href":"https:\/\/lab.top.bj\/en\/wp-json\/wp\/v2\/pages\/2999\/revisions"}],"predecessor-version":[{"id":5423,"href":"https:\/\/lab.top.bj\/en\/wp-json\/wp\/v2\/pages\/2999\/revisions\/5423"}],"wp:attachment":[{"href":"https:\/\/lab.top.bj\/en\/wp-json\/wp\/v2\/media?parent=2999"}],"curies":[{"name":"wp","href":"https:\/\/api.w.org\/{rel}","templated":true}]}}