{"id":431,"date":"2020-04-17T21:25:53","date_gmt":"2020-04-17T21:25:53","guid":{"rendered":"https:\/\/lab.top.bj\/?page_id=431"},"modified":"2025-06-09T07:06:33","modified_gmt":"2025-06-09T07:06:33","slug":"documents-de-voyage","status":"publish","type":"page","link":"https:\/\/lab.top.bj\/en\/passagers\/guide-du-voyageur\/documents-de-voyage\/","title":{"rendered":"Travel documents"},"content":{"rendered":"<div data-elementor-type=\"wp-page\" data-elementor-id=\"431\" class=\"elementor elementor-431\">\n\t\t\t\t\t\t<section class=\"has_ae_slider elementor-section elementor-top-section elementor-element elementor-element-5a079b1a elementor-section-stretched elementor-section-height-min-height elementor-section-boxed elementor-section-height-default elementor-section-items-middle ae-bg-gallery-type-default\" data-id=\"5a079b1a\" data-element_type=\"section\" data-e-type=\"section\" data-settings=\"{&quot;stretch_section&quot;:&quot;section-stretched&quot;,&quot;background_background&quot;:&quot;classic&quot;}\">\n\t\t\t\t\t\t\t<div class=\"elementor-background-overlay\"><\/div>\n\t\t\t\t\t\t\t<div class=\"elementor-container elementor-column-gap-default\">\n\t\t\t\t\t<div class=\"has_ae_slider elementor-column elementor-col-100 elementor-top-column elementor-element elementor-element-c9d367b ae-bg-gallery-type-default\" data-id=\"c9d367b\" data-element_type=\"column\" data-e-type=\"column\">\n\t\t\t<div class=\"elementor-widget-wrap elementor-element-populated\">\n\t\t\t\t\t\t<div class=\"elementor-element elementor-element-2e9688e3 elementor-widget elementor-widget-html\" data-id=\"2e9688e3\" data-element_type=\"widget\" data-e-type=\"widget\" data-widget_type=\"html.default\">\n\t\t\t\t<div class=\"elementor-widget-container\">\n\t\t\t\t\t<div class=\"filter-search\"><\/div>\t\t\t\t<\/div>\n\t\t\t\t<\/div>\n\t\t\t\t\t<\/div>\n\t\t<\/div>\n\t\t\t\t\t<\/div>\n\t\t<\/section>\n\t\t\t\t<section class=\"has_ae_slider elementor-section elementor-top-section elementor-element elementor-element-7a7235b0 elementor-section-stretched elementor-section-boxed elementor-section-height-default elementor-section-height-default ae-bg-gallery-type-default\" data-id=\"7a7235b0\" data-element_type=\"section\" data-e-type=\"section\" data-settings=\"{&quot;stretch_section&quot;:&quot;section-stretched&quot;,&quot;background_background&quot;:&quot;classic&quot;}\">\n\t\t\t\t\t\t<div class=\"elementor-container elementor-column-gap-default\">\n\t\t\t\t\t<div class=\"has_ae_slider elementor-column elementor-col-100 elementor-top-column elementor-element elementor-element-1073d720 ae-bg-gallery-type-default\" data-id=\"1073d720\" data-element_type=\"column\" data-e-type=\"column\">\n\t\t\t<div class=\"elementor-widget-wrap elementor-element-populated\">\n\t\t\t\t\t\t<section class=\"has_ae_slider elementor-section elementor-inner-section elementor-element elementor-element-b118732 elementor-section-boxed elementor-section-height-default elementor-section-height-default ae-bg-gallery-type-default\" data-id=\"b118732\" data-element_type=\"section\" data-e-type=\"section\">\n\t\t\t\t\t\t<div class=\"elementor-container elementor-column-gap-default\">\n\t\t\t\t\t<div class=\"has_ae_slider elementor-column elementor-col-100 elementor-inner-column elementor-element elementor-element-b1d9912 ae-bg-gallery-type-default\" data-id=\"b1d9912\" data-element_type=\"column\" data-e-type=\"column\">\n\t\t\t<div class=\"elementor-widget-wrap elementor-element-populated\">\n\t\t\t\t\t\t<div class=\"elementor-element elementor-element-745703db elementor-widget elementor-widget-heading\" data-id=\"745703db\" data-element_type=\"widget\" data-e-type=\"widget\" data-widget_type=\"heading.default\">\n\t\t\t\t<div class=\"elementor-widget-container\">\n\t\t\t\t\t<h3 class=\"elementor-heading-title elementor-size-default\">Travel documents<\/h3>\t\t\t\t<\/div>\n\t\t\t\t<\/div>\n\t\t\t\t\t<\/div>\n\t\t<\/div>\n\t\t\t\t\t<\/div>\n\t\t<\/section>\n\t\t\t\t\t<\/div>\n\t\t<\/div>\n\t\t\t\t\t<\/div>\n\t\t<\/section>\n\t\t\t\t<section class=\"has_ae_slider elementor-section elementor-top-section elementor-element elementor-element-4fde716 elementor-section-boxed elementor-section-height-default elementor-section-height-default ae-bg-gallery-type-default\" data-id=\"4fde716\" data-element_type=\"section\" data-e-type=\"section\">\n\t\t\t\t\t\t<div class=\"elementor-container elementor-column-gap-default\">\n\t\t\t\t\t<div class=\"has_ae_slider elementor-column elementor-col-100 elementor-top-column elementor-element elementor-element-f5e35cf ae-bg-gallery-type-default\" data-id=\"f5e35cf\" data-element_type=\"column\" data-e-type=\"column\">\n\t\t\t<div class=\"elementor-widget-wrap elementor-element-populated\">\n\t\t\t\t\t\t<div class=\"elementor-element elementor-element-91f26f5 elementor-widget elementor-widget-text-editor\" data-id=\"91f26f5\" data-element_type=\"widget\" data-e-type=\"widget\" data-widget_type=\"text-editor.default\">\n\t\t\t\t<div class=\"elementor-widget-container\">\n\t\t\t\t\t\t\t\t\t<p>Keep your travel documents with you.<\/p>\t\t\t\t\t\t\t\t<\/div>\n\t\t\t\t<\/div>\n\t\t\t\t<section class=\"has_ae_slider elementor-section elementor-inner-section elementor-element elementor-element-de24ca4 elementor-section-boxed elementor-section-height-default elementor-section-height-default ae-bg-gallery-type-default\" data-id=\"de24ca4\" data-element_type=\"section\" data-e-type=\"section\">\n\t\t\t\t\t\t<div class=\"elementor-container elementor-column-gap-default\">\n\t\t\t\t\t<div class=\"has_ae_slider elementor-column elementor-col-50 elementor-inner-column elementor-element elementor-element-e98f829 ae-bg-gallery-type-default\" data-id=\"e98f829\" data-element_type=\"column\" data-e-type=\"column\">\n\t\t\t<div class=\"elementor-widget-wrap elementor-element-populated\">\n\t\t\t\t\t\t<div class=\"elementor-element elementor-element-d7cea86 elementor-widget elementor-widget-image\" data-id=\"d7cea86\" data-element_type=\"widget\" data-e-type=\"widget\" data-widget_type=\"image.default\">\n\t\t\t\t<div class=\"elementor-widget-container\">\n\t\t\t\t\t\t\t\t\t\t\t\t\t\t\t<img fetchpriority=\"high\" decoding=\"async\" width=\"1702\" height=\"274\" src=\"https:\/\/lab.top.bj\/wp-content\/uploads\/2020\/06\/dossier_voyage@2x.jpg\" class=\"attachment-full size-full wp-image-1580\" alt=\"dossier_voyage\" srcset=\"https:\/\/lab.top.bj\/wp-content\/uploads\/2020\/06\/dossier_voyage@2x.jpg 1702w, https:\/\/lab.top.bj\/wp-content\/uploads\/2020\/06\/dossier_voyage@2x-300x48.jpg 300w, https:\/\/lab.top.bj\/wp-content\/uploads\/2020\/06\/dossier_voyage@2x-1024x165.jpg 1024w, https:\/\/lab.top.bj\/wp-content\/uploads\/2020\/06\/dossier_voyage@2x-768x124.jpg 768w, https:\/\/lab.top.bj\/wp-content\/uploads\/2020\/06\/dossier_voyage@2x-1536x247.jpg 1536w\" sizes=\"(max-width: 1702px) 100vw, 1702px\" \/>\t\t\t\t\t\t\t\t\t\t\t\t\t\t\t<\/div>\n\t\t\t\t<\/div>\n\t\t\t\t\t<\/div>\n\t\t<\/div>\n\t\t\t\t<div class=\"has_ae_slider elementor-column elementor-col-50 elementor-inner-column elementor-element elementor-element-41b684d ae-bg-gallery-type-default\" data-id=\"41b684d\" data-element_type=\"column\" data-e-type=\"column\">\n\t\t\t<div class=\"elementor-widget-wrap\">\n\t\t\t\t\t\t\t<\/div>\n\t\t<\/div>\n\t\t\t\t\t<\/div>\n\t\t<\/section>\n\t\t\t\t<div class=\"elementor-element elementor-element-bde807a elementor-widget elementor-widget-text-editor\" data-id=\"bde807a\" data-element_type=\"widget\" data-e-type=\"widget\" data-widget_type=\"text-editor.default\">\n\t\t\t\t<div class=\"elementor-widget-container\">\n\t\t\t\t\t\t\t\t\t<p>Without these documents, you may be denied boarding and entry into your destination country.<br \/><br \/><br \/>To find out what documents you need, please contact us:<br \/><br \/><\/p><ul><li>with your travel agency,<\/li><li>tour operators or airlines,<\/li><li>on the government website :\u00a0<\/li><\/ul>\t\t\t\t\t\t\t\t<\/div>\n\t\t\t\t<\/div>\n\t\t\t\t\t<\/div>\n\t\t<\/div>\n\t\t\t\t\t<\/div>\n\t\t<\/section>\n\t\t\t\t<section class=\"has_ae_slider elementor-section elementor-top-section elementor-element elementor-element-37ba0bae elementor-section-stretched elementor-section-boxed elementor-section-height-default elementor-section-height-default ae-bg-gallery-type-default\" data-id=\"37ba0bae\" data-element_type=\"section\" data-e-type=\"section\" data-settings=\"{&quot;stretch_section&quot;:&quot;section-stretched&quot;,&quot;background_background&quot;:&quot;classic&quot;}\">\n\t\t\t\t\t\t<div class=\"elementor-container elementor-column-gap-default\">\n\t\t\t\t\t<div class=\"has_ae_slider elementor-column elementor-col-33 elementor-top-column elementor-element elementor-element-56c3d3d7 ae-bg-gallery-type-default\" data-id=\"56c3d3d7\" data-element_type=\"column\" data-e-type=\"column\">\n\t\t\t<div class=\"elementor-widget-wrap elementor-element-populated\">\n\t\t\t\t\t\t<section class=\"has_ae_slider elementor-section elementor-inner-section elementor-element elementor-element-1dc0dbab elementor-section-boxed elementor-section-height-default elementor-section-height-default ae-bg-gallery-type-default\" data-id=\"1dc0dbab\" data-element_type=\"section\" data-e-type=\"section\" data-settings=\"{&quot;background_background&quot;:&quot;classic&quot;}\">\n\t\t\t\t\t\t\t<div class=\"elementor-background-overlay\"><\/div>\n\t\t\t\t\t\t\t<div class=\"elementor-container elementor-column-gap-default\">\n\t\t\t\t\t<div class=\"has_ae_slider elementor-column elementor-col-100 elementor-inner-column elementor-element elementor-element-3c00aebf ae-bg-gallery-type-default\" data-id=\"3c00aebf\" data-element_type=\"column\" data-e-type=\"column\">\n\t\t\t<div class=\"elementor-widget-wrap elementor-element-populated\">\n\t\t\t\t\t\t<div class=\"elementor-element elementor-element-5e6e59d elementor-widget elementor-widget-heading\" data-id=\"5e6e59d\" data-element_type=\"widget\" data-e-type=\"widget\" data-widget_type=\"heading.default\">\n\t\t\t\t<div class=\"elementor-widget-container\">\n\t\t\t\t\t<h4 class=\"elementor-heading-title elementor-size-default\">Controls<\/h4>\t\t\t\t<\/div>\n\t\t\t\t<\/div>\n\t\t\t\t<div class=\"elementor-element elementor-element-371886c8 elementor-widget elementor-widget-text-editor\" data-id=\"371886c8\" data-element_type=\"widget\" data-e-type=\"widget\" data-widget_type=\"text-editor.default\">\n\t\t\t\t<div class=\"elementor-widget-container\">\n\t\t\t\t\t\t\t\t\t<p>Beninese border crossings are handled by the Republican Police.<\/p>\t\t\t\t\t\t\t\t<\/div>\n\t\t\t\t<\/div>\n\t\t\t\t\t<\/div>\n\t\t<\/div>\n\t\t\t\t\t<\/div>\n\t\t<\/section>\n\t\t\t\t<section class=\"has_ae_slider elementor-section elementor-inner-section elementor-element elementor-element-2b8779b7 elementor-section-height-min-height contain-bg elementor-section-boxed elementor-section-height-default ae-bg-gallery-type-default\" data-id=\"2b8779b7\" data-element_type=\"section\" data-e-type=\"section\" data-settings=\"{&quot;background_background&quot;:&quot;classic&quot;}\">\n\t\t\t\t\t\t\t<div class=\"elementor-background-overlay\"><\/div>\n\t\t\t\t\t\t\t<div class=\"elementor-container elementor-column-gap-default\">\n\t\t\t\t\t<div data-ae-url=\"https:\/\/lab.top.bj\/passagers\/guide-du-voyageur\/controle\/\" class=\"has_ae_slider elementor-column elementor-col-100 elementor-inner-column elementor-element elementor-element-34eda49 dest-bg ae-link-yes ae-bg-gallery-type-default\" data-id=\"34eda49\" data-element_type=\"column\" data-e-type=\"column\" data-settings=\"{&quot;background_background&quot;:&quot;classic&quot;}\">\n\t\t\t<div class=\"elementor-widget-wrap elementor-element-populated\">\n\t\t\t\t\t<div class=\"elementor-background-overlay\"><\/div>\n\t\t\t\t\t\t<div class=\"elementor-element elementor-element-598296c8 elementor-view-stacked icon-plus elementor-shape-circle elementor-widget elementor-widget-icon\" data-id=\"598296c8\" data-element_type=\"widget\" data-e-type=\"widget\" data-widget_type=\"icon.default\">\n\t\t\t\t<div class=\"elementor-widget-container\">\n\t\t\t\t\t\t\t<div class=\"elementor-icon-wrapper\">\n\t\t\t<a class=\"elementor-icon\" href=\"https:\/\/lab.top.bj\/en\/passagers\/guide-du-voyageur\/controle\/\">\n\t\t\t<i aria-hidden=\"true\" class=\"fas fa-plus\"><\/i>\t\t\t<\/a>\n\t\t<\/div>\n\t\t\t\t\t\t<\/div>\n\t\t\t\t<\/div>\n\t\t\t\t\t<\/div>\n\t\t<\/div>\n\t\t\t\t\t<\/div>\n\t\t<\/section>\n\t\t\t\t\t<\/div>\n\t\t<\/div>\n\t\t\t\t<div class=\"has_ae_slider elementor-column elementor-col-33 elementor-top-column elementor-element elementor-element-1c3ef51b ae-bg-gallery-type-default\" data-id=\"1c3ef51b\" data-element_type=\"column\" data-e-type=\"column\">\n\t\t\t<div class=\"elementor-widget-wrap elementor-element-populated\">\n\t\t\t\t\t\t<section class=\"has_ae_slider elementor-section elementor-inner-section elementor-element elementor-element-7d4a92ac elementor-section-boxed elementor-section-height-default elementor-section-height-default ae-bg-gallery-type-default\" data-id=\"7d4a92ac\" data-element_type=\"section\" data-e-type=\"section\">\n\t\t\t\t\t\t\t<div class=\"elementor-background-overlay\"><\/div>\n\t\t\t\t\t\t\t<div class=\"elementor-container elementor-column-gap-default\">\n\t\t\t\t\t<div class=\"has_ae_slider elementor-column elementor-col-100 elementor-inner-column elementor-element elementor-element-37aa71c6 ae-bg-gallery-type-default\" data-id=\"37aa71c6\" data-element_type=\"column\" data-e-type=\"column\">\n\t\t\t<div class=\"elementor-widget-wrap elementor-element-populated\">\n\t\t\t\t\t\t<div class=\"elementor-element elementor-element-1cece5af elementor-widget elementor-widget-heading\" data-id=\"1cece5af\" data-element_type=\"widget\" data-e-type=\"widget\" data-widget_type=\"heading.default\">\n\t\t\t\t<div class=\"elementor-widget-container\">\n\t\t\t\t\t<h4 class=\"elementor-heading-title elementor-size-default\">Luggage<\/h4>\t\t\t\t<\/div>\n\t\t\t\t<\/div>\n\t\t\t\t<div class=\"elementor-element elementor-element-14fda5a2 elementor-widget elementor-widget-text-editor\" data-id=\"14fda5a2\" data-element_type=\"widget\" data-e-type=\"widget\" data-widget_type=\"text-editor.default\">\n\t\t\t\t<div class=\"elementor-widget-container\">\n\t\t\t\t\t\t\t\t\t<p>You can take <br \/>one bag per person in the cabin<\/p>\t\t\t\t\t\t\t\t<\/div>\n\t\t\t\t<\/div>\n\t\t\t\t\t<\/div>\n\t\t<\/div>\n\t\t\t\t\t<\/div>\n\t\t<\/section>\n\t\t\t\t<section class=\"has_ae_slider elementor-section elementor-inner-section elementor-element elementor-element-69e98022 elementor-section-height-min-height contain-bg elementor-section-boxed elementor-section-height-default ae-bg-gallery-type-default\" data-id=\"69e98022\" data-element_type=\"section\" data-e-type=\"section\">\n\t\t\t\t\t\t<div class=\"elementor-container elementor-column-gap-default\">\n\t\t\t\t\t<div data-ae-url=\"https:\/\/lab.top.bj\/passagers\/guide-du-voyageur\/bagages\/\" class=\"has_ae_slider elementor-column elementor-col-100 elementor-inner-column elementor-element elementor-element-5100f57d dest-bg ae-link-yes ae-bg-gallery-type-default\" data-id=\"5100f57d\" data-element_type=\"column\" data-e-type=\"column\" data-settings=\"{&quot;background_background&quot;:&quot;classic&quot;}\">\n\t\t\t<div class=\"elementor-widget-wrap elementor-element-populated\">\n\t\t\t\t\t<div class=\"elementor-background-overlay\"><\/div>\n\t\t\t\t\t\t<div class=\"elementor-element elementor-element-5b1f4b45 elementor-view-stacked icon-plus elementor-shape-circle elementor-widget elementor-widget-icon\" data-id=\"5b1f4b45\" data-element_type=\"widget\" data-e-type=\"widget\" data-widget_type=\"icon.default\">\n\t\t\t\t<div class=\"elementor-widget-container\">\n\t\t\t\t\t\t\t<div class=\"elementor-icon-wrapper\">\n\t\t\t<a class=\"elementor-icon\" href=\"https:\/\/lab.top.bj\/en\/passagers\/guide-du-voyageur\/bagages\/\">\n\t\t\t<i aria-hidden=\"true\" class=\"fas fa-plus\"><\/i>\t\t\t<\/a>\n\t\t<\/div>\n\t\t\t\t\t\t<\/div>\n\t\t\t\t<\/div>\n\t\t\t\t\t<\/div>\n\t\t<\/div>\n\t\t\t\t\t<\/div>\n\t\t<\/section>\n\t\t\t\t\t<\/div>\n\t\t<\/div>\n\t\t\t\t<div class=\"has_ae_slider elementor-column elementor-col-33 elementor-top-column elementor-element elementor-element-212fc767 ae-bg-gallery-type-default\" data-id=\"212fc767\" data-element_type=\"column\" data-e-type=\"column\">\n\t\t\t<div class=\"elementor-widget-wrap elementor-element-populated\">\n\t\t\t\t\t\t<section class=\"has_ae_slider elementor-section elementor-inner-section elementor-element elementor-element-26390ad9 elementor-section-boxed elementor-section-height-default elementor-section-height-default ae-bg-gallery-type-default\" data-id=\"26390ad9\" data-element_type=\"section\" data-e-type=\"section\">\n\t\t\t\t\t\t\t<div class=\"elementor-background-overlay\"><\/div>\n\t\t\t\t\t\t\t<div class=\"elementor-container elementor-column-gap-default\">\n\t\t\t\t\t<div class=\"has_ae_slider elementor-column elementor-col-100 elementor-inner-column elementor-element elementor-element-5a844fd8 ae-bg-gallery-type-default\" data-id=\"5a844fd8\" data-element_type=\"column\" data-e-type=\"column\">\n\t\t\t<div class=\"elementor-widget-wrap elementor-element-populated\">\n\t\t\t\t\t\t<div class=\"elementor-element elementor-element-42e32261 elementor-widget elementor-widget-heading\" data-id=\"42e32261\" data-element_type=\"widget\" data-e-type=\"widget\" data-widget_type=\"heading.default\">\n\t\t\t\t<div class=\"elementor-widget-container\">\n\t\t\t\t\t<h4 class=\"elementor-heading-title elementor-size-default\">Help wanted<\/h4>\t\t\t\t<\/div>\n\t\t\t\t<\/div>\n\t\t\t\t<div class=\"elementor-element elementor-element-17e0888b elementor-widget elementor-widget-text-editor\" data-id=\"17e0888b\" data-element_type=\"widget\" data-e-type=\"widget\" data-widget_type=\"text-editor.default\">\n\t\t\t\t<div class=\"elementor-widget-container\">\n\t\t\t\t\t\t\t\t\t<p>Do you need assistance? Our advisors are at your service.<\/p>\t\t\t\t\t\t\t\t<\/div>\n\t\t\t\t<\/div>\n\t\t\t\t\t<\/div>\n\t\t<\/div>\n\t\t\t\t\t<\/div>\n\t\t<\/section>\n\t\t\t\t<section class=\"has_ae_slider elementor-section elementor-inner-section elementor-element elementor-element-50ef0632 elementor-section-height-min-height contain-bg elementor-section-boxed elementor-section-height-default ae-bg-gallery-type-default\" data-id=\"50ef0632\" data-element_type=\"section\" data-e-type=\"section\">\n\t\t\t\t\t\t<div class=\"elementor-container elementor-column-gap-default\">\n\t\t\t\t\t<div data-ae-url=\"https:\/\/lab.top.bj\/passagers\/guide-du-voyageur\/assistance\/\" class=\"has_ae_slider elementor-column elementor-col-100 elementor-inner-column elementor-element elementor-element-709007d8 dest-bg ae-link-yes ae-bg-gallery-type-default\" data-id=\"709007d8\" data-element_type=\"column\" data-e-type=\"column\" data-settings=\"{&quot;background_background&quot;:&quot;classic&quot;}\">\n\t\t\t<div class=\"elementor-widget-wrap elementor-element-populated\">\n\t\t\t\t\t<div class=\"elementor-background-overlay\"><\/div>\n\t\t\t\t\t\t<div class=\"elementor-element elementor-element-4d7e784f elementor-view-stacked icon-plus elementor-shape-circle elementor-widget elementor-widget-icon\" data-id=\"4d7e784f\" data-element_type=\"widget\" data-e-type=\"widget\" data-widget_type=\"icon.default\">\n\t\t\t\t<div class=\"elementor-widget-container\">\n\t\t\t\t\t\t\t<div class=\"elementor-icon-wrapper\">\n\t\t\t<a class=\"elementor-icon\" href=\"https:\/\/lab.top.bj\/en\/passagers\/guide-du-voyageur\/assistance\/\">\n\t\t\t<i aria-hidden=\"true\" class=\"fas fa-plus\"><\/i>\t\t\t<\/a>\n\t\t<\/div>\n\t\t\t\t\t\t<\/div>\n\t\t\t\t<\/div>\n\t\t\t\t\t<\/div>\n\t\t<\/div>\n\t\t\t\t\t<\/div>\n\t\t<\/section>\n\t\t\t\t\t<\/div>\n\t\t<\/div>\n\t\t\t\t\t<\/div>\n\t\t<\/section>\n\t\t\t\t<\/div>","protected":false},"excerpt":{"rendered":"<p>Documents de voyages Gardez sur vous les documents n\u00e9cessaires pour votre voyage. Sans ces documents, l\u2019acc\u00e8s \u00e0 bord peut vous \u00eatre refus\u00e9, ainsi que l\u2019entr\u00e9e dans votre pays de destination. Pour conna\u00eetre les documents n\u00e9cessaires, renseignez-vous : aupr\u00e8s de votre agence de voyages, tour-op\u00e9rateur ou compagnies a\u00e9riennes, sur le site du gouvernement :\u00a0 Contr\u00f4les Le [&hellip;]<\/p>\n","protected":false},"author":2,"featured_media":0,"parent":131,"menu_order":0,"comment_status":"closed","ping_status":"closed","template":"","meta":{"_acf_changed":false,"footnotes":""},"class_list":["post-431","page","type-page","status-publish","hentry"],"acf":[],"yoast_head":"<!-- This site is optimized with the Yoast SEO plugin v27.0 - https:\/\/yoast.com\/product\/yoast-seo-wordpress\/ -->\n<title>Documents de voyage - aeroport de cotonou<\/title>\n<meta name=\"robots\" content=\"noindex, follow, max-snippet:-1, max-image-preview:large, max-video-preview:-1\" \/>\n<meta property=\"og:locale\" content=\"en_US\" \/>\n<meta property=\"og:type\" content=\"article\" \/>\n<meta property=\"og:title\" content=\"Documents de voyage - aeroport de cotonou\" \/>\n<meta property=\"og:description\" content=\"Documents de voyages Gardez sur vous les documents n\u00e9cessaires pour votre voyage. Sans ces documents, l\u2019acc\u00e8s \u00e0 bord peut vous \u00eatre refus\u00e9, ainsi que l\u2019entr\u00e9e dans votre pays de destination. Pour conna\u00eetre les documents n\u00e9cessaires, renseignez-vous : aupr\u00e8s de votre agence de voyages, tour-op\u00e9rateur ou compagnies a\u00e9riennes, sur le site du gouvernement :\u00a0 Contr\u00f4les Le [&hellip;]\" \/>\n<meta property=\"og:url\" content=\"https:\/\/lab.top.bj\/en\/passagers\/guide-du-voyageur\/documents-de-voyage\/\" \/>\n<meta property=\"og:site_name\" content=\"aeroport de cotonou\" \/>\n<meta property=\"article:modified_time\" content=\"2025-06-09T07:06:33+00:00\" \/>\n<meta property=\"og:image\" content=\"https:\/\/lab.top.bj\/wp-content\/uploads\/2020\/06\/dossier_voyage@2x.jpg\" \/>\n\t<meta property=\"og:image:width\" content=\"1702\" \/>\n\t<meta property=\"og:image:height\" content=\"274\" \/>\n\t<meta property=\"og:image:type\" content=\"image\/jpeg\" \/>\n<meta name=\"twitter:card\" content=\"summary_large_image\" \/>\n<meta name=\"twitter:label1\" content=\"Est. reading time\" \/>\n\t<meta name=\"twitter:data1\" content=\"1 minute\" \/>\n<!-- \/ Yoast SEO plugin. -->","yoast_head_json":{"title":"Documents de voyage - aeroport de cotonou","robots":{"index":"noindex","follow":"follow","max-snippet":"max-snippet:-1","max-image-preview":"max-image-preview:large","max-video-preview":"max-video-preview:-1"},"og_locale":"en_US","og_type":"article","og_title":"Documents de voyage - aeroport de cotonou","og_description":"Documents de voyages Gardez sur vous les documents n\u00e9cessaires pour votre voyage. Sans ces documents, l\u2019acc\u00e8s \u00e0 bord peut vous \u00eatre refus\u00e9, ainsi que l\u2019entr\u00e9e dans votre pays de destination. Pour conna\u00eetre les documents n\u00e9cessaires, renseignez-vous : aupr\u00e8s de votre agence de voyages, tour-op\u00e9rateur ou compagnies a\u00e9riennes, sur le site du gouvernement :\u00a0 Contr\u00f4les Le [&hellip;]","og_url":"https:\/\/lab.top.bj\/en\/passagers\/guide-du-voyageur\/documents-de-voyage\/","og_site_name":"aeroport de cotonou","article_modified_time":"2025-06-09T07:06:33+00:00","og_image":[{"width":1702,"height":274,"url":"https:\/\/lab.top.bj\/wp-content\/uploads\/2020\/06\/dossier_voyage@2x.jpg","type":"image\/jpeg"}],"twitter_card":"summary_large_image","twitter_misc":{"Est. reading time":"1 minute"},"schema":{"@context":"https:\/\/schema.org","@graph":[{"@type":"WebPage","@id":"https:\/\/lab.top.bj\/passagers\/guide-du-voyageur\/documents-de-voyage\/","url":"https:\/\/lab.top.bj\/passagers\/guide-du-voyageur\/documents-de-voyage\/","name":"Documents de voyage - aeroport de cotonou","isPartOf":{"@id":"https:\/\/lab.top.bj\/#website"},"primaryImageOfPage":{"@id":"https:\/\/lab.top.bj\/passagers\/guide-du-voyageur\/documents-de-voyage\/#primaryimage"},"image":{"@id":"https:\/\/lab.top.bj\/passagers\/guide-du-voyageur\/documents-de-voyage\/#primaryimage"},"thumbnailUrl":"https:\/\/lab.top.bj\/wp-content\/uploads\/2020\/06\/dossier_voyage@2x.jpg","datePublished":"2020-04-17T21:25:53+00:00","dateModified":"2025-06-09T07:06:33+00:00","breadcrumb":{"@id":"https:\/\/lab.top.bj\/passagers\/guide-du-voyageur\/documents-de-voyage\/#breadcrumb"},"inLanguage":"en-US","potentialAction":[{"@type":"ReadAction","target":["https:\/\/lab.top.bj\/passagers\/guide-du-voyageur\/documents-de-voyage\/"]}]},{"@type":"ImageObject","inLanguage":"en-US","@id":"https:\/\/lab.top.bj\/passagers\/guide-du-voyageur\/documents-de-voyage\/#primaryimage","url":"https:\/\/lab.top.bj\/wp-content\/uploads\/2020\/06\/dossier_voyage@2x.jpg","contentUrl":"https:\/\/lab.top.bj\/wp-content\/uploads\/2020\/06\/dossier_voyage@2x.jpg"},{"@type":"BreadcrumbList","@id":"https:\/\/lab.top.bj\/passagers\/guide-du-voyageur\/documents-de-voyage\/#breadcrumb","itemListElement":[{"@type":"ListItem","position":1,"name":"Accueil","item":"https:\/\/lab.top.bj\/"},{"@type":"ListItem","position":2,"name":"Passagers","item":"https:\/\/lab.top.bj\/passagers\/"},{"@type":"ListItem","position":3,"name":"Guide du voyageur","item":"https:\/\/lab.top.bj\/passagers\/guide-du-voyageur\/"},{"@type":"ListItem","position":4,"name":"Documents de voyage"}]},{"@type":"WebSite","@id":"https:\/\/lab.top.bj\/#website","url":"https:\/\/lab.top.bj\/","name":"aeroport de cotonou","description":"Cotonou Airport","publisher":{"@id":"https:\/\/lab.top.bj\/#organization"},"potentialAction":[{"@type":"SearchAction","target":{"@type":"EntryPoint","urlTemplate":"https:\/\/lab.top.bj\/?s={search_term_string}"},"query-input":{"@type":"PropertyValueSpecification","valueRequired":true,"valueName":"search_term_string"}}],"inLanguage":"en-US"},{"@type":"Organization","@id":"https:\/\/lab.top.bj\/#organization","name":"aeroport de cotonou","url":"https:\/\/lab.top.bj\/","logo":{"@type":"ImageObject","inLanguage":"en-US","@id":"https:\/\/lab.top.bj\/#\/schema\/logo\/image\/","url":"https:\/\/lab.top.bj\/wp-content\/uploads\/2022\/11\/logo_sab_fv-1.svg","contentUrl":"https:\/\/lab.top.bj\/wp-content\/uploads\/2022\/11\/logo_sab_fv-1.svg","width":410,"height":85,"caption":"aeroport de cotonou"},"image":{"@id":"https:\/\/lab.top.bj\/#\/schema\/logo\/image\/"}}]}},"amp_enabled":true,"_links":{"self":[{"href":"https:\/\/lab.top.bj\/en\/wp-json\/wp\/v2\/pages\/431","targetHints":{"allow":["GET"]}}],"collection":[{"href":"https:\/\/lab.top.bj\/en\/wp-json\/wp\/v2\/pages"}],"about":[{"href":"https:\/\/lab.top.bj\/en\/wp-json\/wp\/v2\/types\/page"}],"author":[{"embeddable":true,"href":"https:\/\/lab.top.bj\/en\/wp-json\/wp\/v2\/users\/2"}],"replies":[{"embeddable":true,"href":"https:\/\/lab.top.bj\/en\/wp-json\/wp\/v2\/comments?post=431"}],"version-history":[{"count":40,"href":"https:\/\/lab.top.bj\/en\/wp-json\/wp\/v2\/pages\/431\/revisions"}],"predecessor-version":[{"id":5311,"href":"https:\/\/lab.top.bj\/en\/wp-json\/wp\/v2\/pages\/431\/revisions\/5311"}],"up":[{"embeddable":true,"href":"https:\/\/lab.top.bj\/en\/wp-json\/wp\/v2\/pages\/131"}],"wp:attachment":[{"href":"https:\/\/lab.top.bj\/en\/wp-json\/wp\/v2\/media?parent=431"}],"curies":[{"name":"wp","href":"https:\/\/api.w.org\/{rel}","templated":true}]}}